{"id":3141,"date":"2024-02-28T16:00:48","date_gmt":"2024-02-28T15:00:48","guid":{"rendered":"https:\/\/secondastrada.server5-test.it\/it\/cappotto-timberland-nero\/"},"modified":"2024-06-25T17:18:22","modified_gmt":"2024-06-25T15:18:22","slug":"cappotto-timberland-nero","status":"publish","type":"product","link":"https:\/\/secondastrada.server5-test.it\/it\/cappotto-timberland-nero\/","title":{"rendered":"Cappotto Timberland nero"},"content":{"rendered":"<p><b>COMPOSIZIONE E VESTIBILIT\u00c0:<\/b><br \/>100% cotone<br \/>Il modello \u00e8 alto 178 cm e indossa la taglia L. La vestibilit\u00e0 del capo \u00e8 regolare..<br \/><b>CONSIGLI DI STILE:<\/b><br \/>T-shirt su base nera con logo brand centrale stampato bianco. La vestibilit\u00e0 \u00e8 morbida e regolare. La t-shirt \u00e8 adatta per occasioni casual\/sportive e facilmente combinabile per outfit diurni e serali. Completa il tuo guardaroba per essere sempre a tuo agio. <br \/>Cod. art. A2BRN om<br \/>Vi ricordiamo che tutti i nostri articoli sono originali.<br \/><b>MISURE:<\/b><br \/> Misure taglia L: <br \/>&#8211; Spalle (da cucitura a cucitura): 46 cm <br \/>&#8211; Lunghezza (da sotto ascella fino al fondo): 47 cm<\/p>\n","protected":false},"excerpt":{"rendered":"<p>COMPOSIZIONE E VESTIBILIT\u00c0:100% cotoneIl modello \u00e8 alto 178 cm e indossa la taglia L. La vestibilit\u00e0 del capo \u00e8 regolare..CONSIGLI DI STILE:T-shirt su base nera con logo brand centrale stampato bianco. La vestibilit\u00e0 \u00e8 morbida e regolare. La t-shirt \u00e8 adatta per occasioni casual\/sportive e facilmente combinabile per outfit diurni e serali. Completa il tuo&#8230;<\/p>\n","protected":false},"featured_media":0,"template":"","meta":{"inline_featured_image":false},"ss_brand":[],"ss_promo":[1662],"ss_season":[1708],"product_cat":[1329,1473,1595,1658],"product_tag":[1953],"class_list":{"0":"post-3141","1":"product","2":"type-product","3":"status-publish","5":"ss_promo-black-friday","6":"ss_season-pe23","7":"product_cat-abbigliamento-donna","8":"product_cat-cappotti-da-donna","9":"product_cat-cappotti-lunghi-da-donna","10":"product_cat-collezione-donna","11":"product_tag-campionario","12":"pa_colore-nero","13":"pa_taglia-xxs","14":"pa_taglia-xs","15":"pa_taglia-s","16":"pa_taglia-m","17":"pa_taglia-l","18":"pa_taglia-xl","19":"pa_taglia-xxl","20":"pa_taglia-3xl","21":"pa_taglia-5xl","22":"pa_taglia-4xl","24":"first","25":"instock","26":"sold-individually","27":"shipping-taxable","28":"purchasable","29":"product-type-variable","30":"has-default-attributes"},"acf":{"ss_brand":false,"ss_promo":[1662],"ss_season":[{"term_id":1708,"name":"PE23","slug":"pe23","term_group":0,"term_taxonomy_id":1708,"taxonomy":"ss_season","description":"","parent":0,"count":5,"filter":"raw"}],"ss_old_price":"0,00","ss_omnibus_price":"0,00","ss_style_advice":"<p><b>COMPOSIZIONE E VESTIBILIT\u00c0:<\/b><br \/>100% cotone<br \/>Il modello \u00e8 alto 178 cm e indossa la taglia L. La vestibilit\u00e0 del capo \u00e8 regolare..<br \/><b>CONSIGLI DI STILE:<\/b><br \/>T-shirt su base nera con logo brand centrale stampato bianco. La vestibilit\u00e0 \u00e8 morbida e regolare. La t-shirt \u00e8 adatta per occasioni casual\/sportive e facilmente combinabile per outfit diurni e serali. Completa il tuo guardaroba per essere sempre a tuo agio. <br \/>Cod. art. A2BRN om<br \/>Vi ricordiamo che tutti i nostri articoli sono originali.<br \/><b>MISURE:<\/b><br \/> Misure taglia L: <br \/>&#8211; Spalle (da cucitura a cucitura): 46 cm <br \/>&#8211; Lunghezza (da sotto ascella fino al fondo): 47 cm<\/p>\n","ss_composition":"<p>100% cotone<\/p>\n","ss_fit":"<p>T-shirt TIMBERLAND<\/p>\n"},"yoast_head":"<!-- This site is optimized with the Yoast SEO plugin v22.2 - https:\/\/yoast.com\/wordpress\/plugins\/seo\/ -->\n<title>Cappotto Timberland nero - Acquista online! - Seconda Strada<\/title>\n<meta name=\"description\" content=\"Cappotto Timberland nero \u27a4 Acquista online su Secondastrada.com Cappotto Timberland nero \u2714\ufe0f Spedizione veloce entro 24h in tutta Italia \u2714\ufe0f Sconto sul tuo primo acquisto\" \/>\n<meta name=\"robots\" content=\"index, follow, max-snippet:-1, max-image-preview:large, max-video-preview:-1\" \/>\n<link rel=\"canonical\" href=\"https:\/\/secondastrada.server5-test.it\/it\/cappotto-timberland-nero\/\" \/>\n<meta property=\"og:locale\" content=\"it_IT\" \/>\n<meta property=\"og:type\" content=\"article\" \/>\n<meta property=\"og:title\" content=\"Cappotto Timberland nero - Acquista online! - Seconda Strada\" \/>\n<meta property=\"og:description\" content=\"Cappotto Timberland nero \u27a4 Acquista online su Secondastrada.com Cappotto Timberland nero \u2714\ufe0f Spedizione veloce entro 24h in tutta Italia \u2714\ufe0f Sconto sul tuo primo acquisto\" \/>\n<meta property=\"og:url\" content=\"https:\/\/secondastrada.server5-test.it\/it\/cappotto-timberland-nero\/\" \/>\n<meta property=\"og:site_name\" content=\"Seconda Strada\" \/>\n<meta property=\"article:modified_time\" content=\"2024-06-25T15:18:22+00:00\" \/>\n<meta name=\"twitter:card\" content=\"summary_large_image\" \/>\n<!-- \/ Yoast SEO plugin. -->","yoast_head_json":{"title":"Cappotto Timberland nero - Acquista online! - Seconda Strada","description":"Cappotto Timberland nero \u27a4 Acquista online su Secondastrada.com Cappotto Timberland nero \u2714\ufe0f Spedizione veloce entro 24h in tutta Italia \u2714\ufe0f Sconto sul tuo primo acquisto","robots":{"index":"index","follow":"follow","max-snippet":"max-snippet:-1","max-image-preview":"max-image-preview:large","max-video-preview":"max-video-preview:-1"},"canonical":"https:\/\/secondastrada.server5-test.it\/it\/cappotto-timberland-nero\/","og_locale":"it_IT","og_type":"article","og_title":"Cappotto Timberland nero - Acquista online! - Seconda Strada","og_description":"Cappotto Timberland nero \u27a4 Acquista online su Secondastrada.com Cappotto Timberland nero \u2714\ufe0f Spedizione veloce entro 24h in tutta Italia \u2714\ufe0f Sconto sul tuo primo acquisto","og_url":"https:\/\/secondastrada.server5-test.it\/it\/cappotto-timberland-nero\/","og_site_name":"Seconda Strada","article_modified_time":"2024-06-25T15:18:22+00:00","twitter_card":"summary_large_image","schema":{"@context":"https:\/\/schema.org","@graph":[{"@type":"WebPage","@id":"https:\/\/secondastrada.server5-test.it\/it\/cappotto-timberland-nero\/","url":"https:\/\/secondastrada.server5-test.it\/it\/cappotto-timberland-nero\/","name":"Cappotto Timberland nero - Acquista online! - Seconda Strada","isPartOf":{"@id":"https:\/\/secondastrada.server5-test.it\/it\/#website"},"datePublished":"2024-02-28T15:00:48+00:00","dateModified":"2024-06-25T15:18:22+00:00","description":"Cappotto Timberland nero \u27a4 Acquista online su Secondastrada.com Cappotto Timberland nero \u2714\ufe0f Spedizione veloce entro 24h in tutta Italia \u2714\ufe0f Sconto sul tuo primo acquisto","breadcrumb":{"@id":"https:\/\/secondastrada.server5-test.it\/it\/cappotto-timberland-nero\/#breadcrumb"},"inLanguage":"it-IT","potentialAction":[{"@type":"ReadAction","target":["https:\/\/secondastrada.server5-test.it\/it\/cappotto-timberland-nero\/"]}]},{"@type":"BreadcrumbList","@id":"https:\/\/secondastrada.server5-test.it\/it\/cappotto-timberland-nero\/#breadcrumb","itemListElement":[{"@type":"ListItem","position":1,"name":"Home","item":"https:\/\/secondastrada.server5-test.it\/it\/"},{"@type":"ListItem","position":2,"name":"Shop","item":"https:\/\/secondastrada.server5-test.it\/it\/shop\/"},{"@type":"ListItem","position":3,"name":"Donna","item":"https:\/\/secondastrada.server5-test.it\/it\/collezione-donna\/"},{"@type":"ListItem","position":4,"name":"Abbigliamento","item":"https:\/\/secondastrada.server5-test.it\/it\/collezione-donna\/abbigliamento-donna\/"},{"@type":"ListItem","position":5,"name":"Cappotti","item":"https:\/\/secondastrada.server5-test.it\/it\/collezione-donna\/abbigliamento-donna\/cappotti-da-donna\/"},{"@type":"ListItem","position":6,"name":"Cappotti lunghi","item":"https:\/\/secondastrada.server5-test.it\/it\/collezione-donna\/abbigliamento-donna\/cappotti-da-donna\/cappotti-lunghi-da-donna\/"},{"@type":"ListItem","position":7,"name":"Cappotto Timberland nero"}]},{"@type":"WebSite","@id":"https:\/\/secondastrada.server5-test.it\/it\/#website","url":"https:\/\/secondastrada.server5-test.it\/it\/","name":"Seconda Strada","description":"","publisher":{"@id":"https:\/\/secondastrada.server5-test.it\/it\/#organization"},"potentialAction":[{"@type":"SearchAction","target":{"@type":"EntryPoint","urlTemplate":"https:\/\/secondastrada.server5-test.it\/it\/?s={search_term_string}"},"query-input":"required name=search_term_string"}],"inLanguage":"it-IT"},{"@type":"Organization","@id":"https:\/\/secondastrada.server5-test.it\/it\/#organization","name":"Seconda Strada","url":"https:\/\/secondastrada.server5-test.it\/it\/","logo":{"@type":"ImageObject","inLanguage":"it-IT","@id":"https:\/\/secondastrada.server5-test.it\/it\/#\/schema\/logo\/image\/","url":"http:\/\/secondastrada.server5-test.it\/wp-content\/uploads\/2023\/11\/secondastrada-logo.svg","contentUrl":"http:\/\/secondastrada.server5-test.it\/wp-content\/uploads\/2023\/11\/secondastrada-logo.svg","width":353,"height":47,"caption":"Seconda Strada"},"image":{"@id":"https:\/\/secondastrada.server5-test.it\/it\/#\/schema\/logo\/image\/"}}]}},"_links":{"self":[{"href":"https:\/\/secondastrada.server5-test.it\/it\/wp-json\/wp\/v2\/product\/3141"}],"collection":[{"href":"https:\/\/secondastrada.server5-test.it\/it\/wp-json\/wp\/v2\/product"}],"about":[{"href":"https:\/\/secondastrada.server5-test.it\/it\/wp-json\/wp\/v2\/types\/product"}],"wp:attachment":[{"href":"https:\/\/secondastrada.server5-test.it\/it\/wp-json\/wp\/v2\/media?parent=3141"}],"wp:term":[{"taxonomy":"ss_brand","embeddable":true,"href":"https:\/\/secondastrada.server5-test.it\/it\/wp-json\/wp\/v2\/ss_brand?post=3141"},{"taxonomy":"ss_promo","embeddable":true,"href":"https:\/\/secondastrada.server5-test.it\/it\/wp-json\/wp\/v2\/ss_promo?post=3141"},{"taxonomy":"ss_season","embeddable":true,"href":"https:\/\/secondastrada.server5-test.it\/it\/wp-json\/wp\/v2\/ss_season?post=3141"},{"taxonomy":"product_cat","embeddable":true,"href":"https:\/\/secondastrada.server5-test.it\/it\/wp-json\/wp\/v2\/product_cat?post=3141"},{"taxonomy":"product_tag","embeddable":true,"href":"https:\/\/secondastrada.server5-test.it\/it\/wp-json\/wp\/v2\/product_tag?post=3141"}],"curies":[{"name":"wp","href":"https:\/\/api.w.org\/{rel}","templated":true}]}}